{"id":271,"date":"2025-12-17T17:47:03","date_gmt":"2025-12-17T17:47:03","guid":{"rendered":"https:\/\/moore-suarez-menendez.us.moore-global.com\/?page_id=271"},"modified":"2026-02-23T14:54:32","modified_gmt":"2026-02-23T17:54:32","slug":"unete-a-nosotros","status":"publish","type":"page","link":"https:\/\/www.suarez-menendez.com\/en\/unete-a-nosotros\/","title":{"rendered":"\u00danete a nosotros"},"content":{"rendered":"<style id=\"strategiq-hero-style\">@media (min-width: 992px){.block-hero{margin-left:83px}}.block-hero .position-relative:has(.hero__svg){overflow:hidden}.block-hero .hero__svg{z-index:1;-webkit-transform:translateX(100%);transform:translateX(100%);opacity:0;-webkit-animation:heroSvgFadeIn 1s ease-out forwards;animation:heroSvgFadeIn 1s ease-out forwards;-webkit-animation-delay:0.3s;animation-delay:0.3s}.block-hero .hero__svg-left{position:absolute;left:0;top:0;height:100%;-webkit-transform:translateX(100%);transform:translateX(100%);opacity:0;-webkit-animation:heroSvgFadeInReverse 2s cubic-bezier(0.25, 0.1, 0.05, 1) forwards;animation:heroSvgFadeInReverse 2s cubic-bezier(0.25, 0.1, 0.05, 1) forwards;-webkit-animation-delay:0.3s;animation-delay:0.3s}.block-hero .hero__svg-right{position:absolute;right:0;top:0;height:100%;-webkit-transform:translateX(-100%);transform:translateX(-100%);opacity:0;-webkit-animation:heroSvgFadeIn 2s cubic-bezier(0.25, 0.1, 0.05, 1) forwards;animation:heroSvgFadeIn 2s cubic-bezier(0.25, 0.1, 0.05, 1) forwards;-webkit-animation-delay:1s;animation-delay:1s}@-webkit-keyframes heroSvgFadeIn{0%{opacity:0;-webkit-transform:translateX(100%);transform:translateX(100%)}100%{opacity:1;-webkit-transform:translateX(0);transform:translateX(0)}}@keyframes heroSvgFadeIn{0%{opacity:0;-webkit-transform:translateX(100%);transform:translateX(100%)}100%{opacity:1;-webkit-transform:translateX(0);transform:translateX(0)}}@-webkit-keyframes heroSvgFadeInReverse{0%{opacity:0;-webkit-transform:translateX(-100%);transform:translateX(-100%)}100%{opacity:1;-webkit-transform:translateX(0);transform:translateX(0)}}@keyframes heroSvgFadeInReverse{0%{opacity:0;-webkit-transform:translateX(-100%);transform:translateX(-100%)}100%{opacity:1;-webkit-transform:translateX(0);transform:translateX(0)}}.block-hero--large{margin-left:0}.block-hero--large .hero{background:transparent}.block-hero--large.has-secondary-background-color .hero__content-wrapper{background-color:#5C0696}.block-hero--large.has-primary-background-color .hero__content-wrapper{background-color:#02212E}.block-hero--large.has-prussian-blue-background-color{background-color:transparent !important}.block-hero--large.has-prussian-blue-background-color .hero__content-wrapper{background:#004C6C}.block-hero--large.has-primary-gradient-gradient-background{background:transparent !important}.block-hero--large.has-primary-gradient-gradient-background .hero__content-wrapper{background:var(--primary-gradient)}.block-hero--large.has-secondary-gradient-gradient-background{background:transparent !important}.block-hero--large.has-secondary-gradient-gradient-background .hero__content-wrapper{background:var(--secondary-gradient)}.block-hero--large.has-tertiary-gradient-gradient-background{background:transparent !important}.block-hero--large.has-tertiary-gradient-gradient-background .hero__content-wrapper{background:var(--tertiary-gradient)}@media (min-width: 992px){.block-hero--heading-above-image{border-left:1px solid #D9D9D9;margin-right:83px}}.block-hero--heading-above-image .hero{min-height:410px}@media (min-width: 768px){.block-hero--heading-above-image .hero{min-height:570px}}.block-hero--heading-above-image .hero--call-to-action{-webkit-box-pack:end;-ms-flex-pack:end;justify-content:flex-end}@media (min-width: 992px){.block-hero--heading-above-image .hero--call-to-action{padding-right:0}}.block-hero.has-secondary-background-color{background-color:transparent !important}.block-hero.has-secondary-background-color .hero{background:#5C0696}.block-hero.has-white-background-color .hero{background:#fff}.block-hero.has-white-background-color .hero__title,.block-hero.has-white-background-color .hero__content p{color:#000}.block-hero.has-light-blue-background-color .hero{background:#eaf7fe}.block-hero.has-light-blue-background-color .hero__title,.block-hero.has-light-blue-background-color .hero__content p{color:#000}.block-hero.has-primary-background-color .hero{background:#02212E}.block-hero.has-prussian-blue-background-color{background-color:transparent !important}.block-hero.has-prussian-blue-background-color .hero{background:#004C6C}.block-hero.has-primary-gradient-gradient-background{background:transparent !important}.block-hero.has-primary-gradient-gradient-background .hero{background:var(--primary-gradient)}.block-hero.has-secondary-gradient-gradient-background{background:transparent !important}.block-hero.has-secondary-gradient-gradient-background .hero{background:var(--secondary-gradient)}.block-hero.has-tertiary-gradient-gradient-background{background:transparent !important}.block-hero.has-tertiary-gradient-gradient-background .hero{background:var(--tertiary-gradient)}\n\n\/*# sourceMappingURL=block-hero.css.map *\/\n<\/style>\n<section class=\"wp-block-strategiq block-hero block-hero block-hero--default wp-block-strategiq-hero\">\n\t\n\n<div class=\"hero hero--default\">\n\t\n\t<div class=\"container-fluid\">\n\t\t<div class=\"row\">\n\t\t\t<div class=\"col-12  p-0\">\n\t\t\t\t\t\t\t\t\t<picture class=\"hero__image behave-as-bg--cover behave-as-bg--center-center behave-as-bg\"><source media=\"(min-width: 1200px)\" srcset=\"https:\/\/www.suarez-menendez.com\/wp-content\/uploads\/sites\/7\/bis-images\/122\/ba4d96d840685f18e3fbc62d4945a3ed5f5825b5-1728x810-f50_50.png 0.900x,https:\/\/www.suarez-menendez.com\/wp-content\/uploads\/sites\/7\/bis-images\/122\/ba4d96d840685f18e3fbc62d4945a3ed5f5825b5-1728x810-f50_50.png 0.900x\"><source media=\"(min-width: 992px)\" srcset=\"https:\/\/www.suarez-menendez.com\/wp-content\/uploads\/sites\/7\/bis-images\/122\/ba4d96d840685f18e3fbc62d4945a3ed5f5825b5-1600x900.png 1.000x,https:\/\/www.suarez-menendez.com\/wp-content\/uploads\/sites\/7\/bis-images\/122\/ba4d96d840685f18e3fbc62d4945a3ed5f5825b5-3200x1800.png 2.000x\"><source media=\"(min-width: 0px)\" srcset=\"https:\/\/www.suarez-menendez.com\/wp-content\/uploads\/sites\/7\/bis-images\/122\/ba4d96d840685f18e3fbc62d4945a3ed5f5825b5-800x800.png 1.000x,https:\/\/www.suarez-menendez.com\/wp-content\/uploads\/sites\/7\/bis-images\/122\/ba4d96d840685f18e3fbc62d4945a3ed5f5825b5-1600x1600.png 2.000x\"><img decoding=\"async\" src=\"https:\/\/www.suarez-menendez.com\/wp-content\/uploads\/sites\/7\/bis-images\/122\/ba4d96d840685f18e3fbc62d4945a3ed5f5825b5-800x800.png\" srcset=\"https:\/\/www.suarez-menendez.com\/wp-content\/uploads\/sites\/7\/bis-images\/122\/ba4d96d840685f18e3fbc62d4945a3ed5f5825b5-800x800.png 1.000x,https:\/\/www.suarez-menendez.com\/wp-content\/uploads\/sites\/7\/bis-images\/122\/ba4d96d840685f18e3fbc62d4945a3ed5f5825b5-1600x1600.png 2.000x\" alt=\"\u00danete a nosotros\" width=\"800\" height=\"800\" class=\"\"><\/picture>\t\t\t\t\n\t\t\t\t\n\t\t\t\t\t\t\t\t\t<div class=\"hero__content-wrapper\">\n\t\t\t\t\t\t<div class=\"hero__content\">\n\t\t\t\t\t\t\t<h1 class='hero__title'>\u00danete a Nosotros<\/h1>\t\t\t\t\t\t\t\t\t\t\t\t\t\t\t<p>Estamos siempre buscando personas de excelencia para incorporar a nuestros equipos de trabajo<\/p>\n\t\t\t\t\t\t\t\t\t\t\t\t\t\t\t\t\t\t\t\t<\/div>\n\t\t\t\t\t<\/div>\n\t\t\t\t\n\t\t\t<\/div>\n\n\t\t\t\t\t<\/div>\n\t<\/div>\n\n\t<\/div>\n<\/section>\n\n\n<style id=\"strategiq-two-column-style\">.block-two-column{padding:40px 0 20px}.single-firm .block-two-column{padding-bottom:1.875rem}@media (min-width: 768px){.block-two-column{padding:0}}@media (min-width: 768px){.block-two-column .content-offset-right{padding-right:0}}@media (min-width: 992px){.block-two-column .content-offset-right{padding-right:calc(8.33333% + 24px)}}.block-two-column img{width:100%}.block-two-column__content{color:var(--text-color)}.block-two-column__content p:last-of-type{margin-bottom:0}.block-two-column__content iframe{width:100%}.block-two-column__list-content{margin-bottom:2.5rem}.block-two-column__list-heading{margin-bottom:8px;font-size:20px;font-weight:500}.block-two-column__list li p:last-of-type{margin-bottom:0}.block-two-column__list ul:first-of-type,.block-two-column__list ol:first-of-type{margin-top:0}.block-two-column__list ul:first-of-type li:first-of-type,.block-two-column__list ol:first-of-type li:first-of-type{margin-top:0}.block-two-column__list>p+ul:first-of-type,.block-two-column__list>p+ol:first-of-type{margin-top:1rem}.block-two-column__list>p+ul:first-of-type li:first-of-type,.block-two-column__list>p+ol:first-of-type li:first-of-type{margin-top:24px}.block-two-column__content.position-sticky,.block-two-column__list.position-sticky,.block-two-column__image-container.position-sticky{top:calc(var(--site-header-height) + 1rem)}.block-two-column__content,.block-two-column__image,.block-two-column__list{padding:12px 0}@media (min-width: 768px){.block-two-column__content,.block-two-column__image,.block-two-column__list{padding:2.5rem 1rem}}@media (min-width: 992px){.block-two-column__content,.block-two-column__image,.block-two-column__list{padding:5rem 0 3.75rem 0}}\n\n\/*# sourceMappingURL=block-two-column.css.map *\/\n<\/style>\n<section class=\"wp-block-strategiq block-two-column wp-block-strategiq-two-column\">\n\t<div class=\"container\">\n\t\t\t\t<div class=\"row align-items-start\">\n\t\t\t\t\t\t\t<div class=\"col-12 col-md-6 col-lg-5 offset-lg-1\">\n\t\t\t\t\t\t\t\t\t\t\t<div class=\"block-two-column__content content-container\">\n\t\t\t\t\t\t\t\t\t\t\t\t\t\t\t<h4 class=\"\"><em style=\"font-size: 1rem\"><strong>Por qu\u00e9 elegirnos<\/strong><\/em><\/h4>\n<div class=\"ms-wysiwyg\">\n<p>Nuestra meta es proveer a nuestros clientes de un servicio de excelencia que les permita conseguir sus objetivos. Nuestra estructura est\u00e1 formada con la mejor capacitaci\u00f3n, en todos sus niveles, y como parte de la asociaci\u00f3n global de firmas independientes que conforman a Moore Stephens International Limited, mas de 636 oficinas en 100 pa\u00edses, albergando mas de 21.000 socios y staff profesional.<\/p>\n<p>En virtud de la continua expansi\u00f3n de nuestra firma, estamos siempre buscando personas de excelencia para incorporar a nuestros equipos de trabajo.<\/p>\n<p><em><strong>Oportunidad<\/strong><\/em><\/p>\n<p align=\"left\">Moore\u00a0&#8211; S&amp;M reconoce que nuestro crecimiento y \u00e9xitos futuros ser\u00e1 derivado de la calidad de nuestro personal. Estamos comprometidos con el desarrollo de su carrera mediante<\/p>\n<ul>\n<li>Ofreciendo entrenamientos estructurados para el desarrollo profesional y habilidades de management necesarias para promover los negocios de la firma;<\/li>\n<li>Proveerle a usted un nuevo y desafiante ambiente donde sus habilidades ser\u00e1n desarrolladas<\/li>\n<li>Ofreciendo posibilidades de ser promovido y acceder a oportunidades para la expansi\u00f3n de su conocimiento mediante experiencias con empresas internacionales<\/li>\n<li>Exposici\u00f3n internacional<\/li>\n<\/ul>\n<p><em><strong>Tama\u00f1o<\/strong><\/em><\/p>\n<p align=\"left\">Moore\u00a0&#8211; S&amp;M forma parte de Moore Stephens International Limited, una de las redes internacionales mas grandes firmas de contadores y consultores del mundo, fuera de las big 4, conformada por 636 oficinas de firmas miembro y corresponsales en 100 pa\u00edses del mundo entero, involucrando a 21.000 socios y colaboradores. Moore\u00a0&#8211; S&amp;M emplea mas de 80 personas.<\/p>\n<p><em><strong>Ubicaci\u00f3n<\/strong><\/em><\/p>\n<p align=\"left\">Nuestras oficinas est\u00e1n ubicadas en un lugar privilegiado, fuera del \u00e1rea bancaria y a metros de la Plaza San Mart\u00edn.<\/p>\n<p><em><strong>Remuneraci\u00f3n<\/strong><\/em><\/p>\n<p align=\"left\">Su contribuci\u00f3n a la empresa ser\u00e1 reconocida y valorada mediante una estructura de compensaciones dise\u00f1ada para la retenci\u00f3n de talentos in-house y procurando que la organizaci\u00f3n sea competitiva para el logro de sus objetivos.<\/p>\n<\/div>\n\t\t\t\t\t\t\t\t\t\t\t\t\t<\/div>\n\t\t\t\t\t\t\t\t\t<\/div>\n\t\t\t\t\t\t\t<div class=\"col-12 col-md-6 col-lg-5 offset-lg-1\">\n\t\t\t\t\t\t\t\t\t\t\t<div class=\"block-two-column__content content-container\">\n\t\t\t\t\t\t\t\t\t\t\t\t\t\t\t<h4><b>Trabaja con Nosotros<\/b><\/h4>\n<p class=\"widget-description\">Envianos tu CV a nuestros departamento de recursos humanos al mail<br \/>\n<strong><a href=\"mailto:rrhh@suarez-menendez.com\">rrhh@suarez-menendez.com<\/a><\/strong><\/p>\n\t\t\t\t\t\t\t\t\t\t\t\t\t<\/div>\n\t\t\t\t\t\t\t\t\t<\/div>\n\t\t\t\t\t<\/div>\n\t<\/div>\n<\/section>\n\n\n<p><\/p>","protected":false},"excerpt":{"rendered":"","protected":false},"author":13,"featured_media":0,"parent":0,"menu_order":0,"comment_status":"closed","ping_status":"closed","template":"","meta":{"_acf_changed":true,"footnotes":""},"class_list":["post-271","page","type-page","status-publish","hentry"],"acf":[],"yoast_head":"<!-- This site is optimized with the Yoast SEO plugin v27.2 - https:\/\/yoast.com\/product\/yoast-seo-wordpress\/ -->\n<title>\u00danete a nosotros - Moore Suarez &amp; Menendez<\/title>\n<meta name=\"robots\" content=\"index, follow, max-snippet:-1, max-image-preview:large, max-video-preview:-1\" \/>\n<link rel=\"canonical\" href=\"https:\/\/www.suarez-menendez.com\/en\/unete-a-nosotros\/\" \/>\n<meta property=\"og:locale\" content=\"en_US\" \/>\n<meta property=\"og:type\" content=\"article\" \/>\n<meta property=\"og:title\" content=\"\u00danete a nosotros - Moore Suarez &amp; Menendez\" \/>\n<meta property=\"og:url\" content=\"https:\/\/www.suarez-menendez.com\/en\/unete-a-nosotros\/\" \/>\n<meta property=\"og:site_name\" content=\"Moore Suarez &amp; Menendez\" \/>\n<meta property=\"article:modified_time\" content=\"2026-02-23T17:54:32+00:00\" \/>\n<meta name=\"twitter:card\" content=\"summary_large_image\" \/>\n<script type=\"application\/ld+json\" class=\"yoast-schema-graph\">{\"@context\":\"https:\/\/schema.org\",\"@graph\":[{\"@type\":\"WebPage\",\"@id\":\"https:\/\/www.suarez-menendez.com\/unete-a-nosotros\/\",\"url\":\"https:\/\/www.suarez-menendez.com\/unete-a-nosotros\/\",\"name\":\"\u00danete a nosotros - Moore Suarez &amp; Menendez\",\"isPartOf\":{\"@id\":\"https:\/\/www.suarez-menendez.com\/#website\"},\"datePublished\":\"2025-12-17T17:47:03+00:00\",\"dateModified\":\"2026-02-23T17:54:32+00:00\",\"breadcrumb\":{\"@id\":\"https:\/\/www.suarez-menendez.com\/unete-a-nosotros\/#breadcrumb\"},\"inLanguage\":\"en-US\",\"potentialAction\":[{\"@type\":\"ReadAction\",\"target\":[\"https:\/\/www.suarez-menendez.com\/unete-a-nosotros\/\"]}]},{\"@type\":\"BreadcrumbList\",\"@id\":\"https:\/\/www.suarez-menendez.com\/unete-a-nosotros\/#breadcrumb\",\"itemListElement\":[{\"@type\":\"ListItem\",\"position\":1,\"name\":\"Home\",\"item\":\"https:\/\/www.suarez-menendez.com\/\"},{\"@type\":\"ListItem\",\"position\":2,\"name\":\"\u00danete a nosotros\"}]},{\"@type\":\"WebSite\",\"@id\":\"https:\/\/www.suarez-menendez.com\/#website\",\"url\":\"https:\/\/www.suarez-menendez.com\/\",\"name\":\"Moore Suarez &amp; Menendez\",\"description\":\"This is the base site for Moore Global\",\"potentialAction\":[{\"@type\":\"SearchAction\",\"target\":{\"@type\":\"EntryPoint\",\"urlTemplate\":\"https:\/\/www.suarez-menendez.com\/?s={search_term_string}\"},\"query-input\":{\"@type\":\"PropertyValueSpecification\",\"valueRequired\":true,\"valueName\":\"search_term_string\"}}],\"inLanguage\":\"en-US\"}]}<\/script>\n<!-- \/ Yoast SEO plugin. -->","yoast_head_json":{"title":"\u00danete a nosotros - Moore Suarez &amp; Menendez","robots":{"index":"index","follow":"follow","max-snippet":"max-snippet:-1","max-image-preview":"max-image-preview:large","max-video-preview":"max-video-preview:-1"},"canonical":"https:\/\/www.suarez-menendez.com\/en\/unete-a-nosotros\/","og_locale":"en_US","og_type":"article","og_title":"\u00danete a nosotros - Moore Suarez &amp; Menendez","og_url":"https:\/\/www.suarez-menendez.com\/en\/unete-a-nosotros\/","og_site_name":"Moore Suarez &amp; Menendez","article_modified_time":"2026-02-23T17:54:32+00:00","twitter_card":"summary_large_image","schema":{"@context":"https:\/\/schema.org","@graph":[{"@type":"WebPage","@id":"https:\/\/www.suarez-menendez.com\/unete-a-nosotros\/","url":"https:\/\/www.suarez-menendez.com\/unete-a-nosotros\/","name":"\u00danete a nosotros - Moore Suarez &amp; Menendez","isPartOf":{"@id":"https:\/\/www.suarez-menendez.com\/#website"},"datePublished":"2025-12-17T17:47:03+00:00","dateModified":"2026-02-23T17:54:32+00:00","breadcrumb":{"@id":"https:\/\/www.suarez-menendez.com\/unete-a-nosotros\/#breadcrumb"},"inLanguage":"en-US","potentialAction":[{"@type":"ReadAction","target":["https:\/\/www.suarez-menendez.com\/unete-a-nosotros\/"]}]},{"@type":"BreadcrumbList","@id":"https:\/\/www.suarez-menendez.com\/unete-a-nosotros\/#breadcrumb","itemListElement":[{"@type":"ListItem","position":1,"name":"Home","item":"https:\/\/www.suarez-menendez.com\/"},{"@type":"ListItem","position":2,"name":"\u00danete a nosotros"}]},{"@type":"WebSite","@id":"https:\/\/www.suarez-menendez.com\/#website","url":"https:\/\/www.suarez-menendez.com\/","name":"Moore Suarez &amp; Menendez","description":"This is the base site for Moore Global","potentialAction":[{"@type":"SearchAction","target":{"@type":"EntryPoint","urlTemplate":"https:\/\/www.suarez-menendez.com\/?s={search_term_string}"},"query-input":{"@type":"PropertyValueSpecification","valueRequired":true,"valueName":"search_term_string"}}],"inLanguage":"en-US"}]}},"_links":{"self":[{"href":"https:\/\/www.suarez-menendez.com\/en\/wp-json\/wp\/v2\/pages\/271","targetHints":{"allow":["GET"]}}],"collection":[{"href":"https:\/\/www.suarez-menendez.com\/en\/wp-json\/wp\/v2\/pages"}],"about":[{"href":"https:\/\/www.suarez-menendez.com\/en\/wp-json\/wp\/v2\/types\/page"}],"author":[{"embeddable":true,"href":"https:\/\/www.suarez-menendez.com\/en\/wp-json\/wp\/v2\/users\/13"}],"replies":[{"embeddable":true,"href":"https:\/\/www.suarez-menendez.com\/en\/wp-json\/wp\/v2\/comments?post=271"}],"version-history":[{"count":0,"href":"https:\/\/www.suarez-menendez.com\/en\/wp-json\/wp\/v2\/pages\/271\/revisions"}],"wp:attachment":[{"href":"https:\/\/www.suarez-menendez.com\/en\/wp-json\/wp\/v2\/media?parent=271"}],"curies":[{"name":"wp","href":"https:\/\/api.w.org\/{rel}","templated":true}]}}