{"id":296,"date":"2025-12-18T10:46:08","date_gmt":"2025-12-18T13:46:08","guid":{"rendered":"https:\/\/moore-suarez-menendez.us.moore-global.com\/?page_id=296"},"modified":"2025-12-18T10:50:58","modified_gmt":"2025-12-18T13:50:58","slug":"nosotros","status":"publish","type":"page","link":"https:\/\/www.suarez-menendez.com\/en\/nosotros\/","title":{"rendered":"Nosotros"},"content":{"rendered":"<style id=\"strategiq-cta-bar-style\">.block-cta-bar{position:relative;padding:1rem 0 1.75rem 0;overflow:visible;z-index:1;margin-top:26px}.block-cta-bar:not(.has-background){background:var(--primary-gradient)}.block-cta-bar.has-light-blue-background-color .block-cta-bar__heading{color:#000}.block-cta-bar.has-light-blue-background-color .btn{color:#02212E}.block-cta-bar.has-light-blue-background-color .btn.btn--hollow{border-color:#02212E}.block-cta-bar.has-light-blue-background-color .btn.btn--solid{background-color:#02212E;border-color:#02212E;color:#fff}.block-cta-bar.has-light-blue-background-color .btn.btn--solid:hover{background-color:#04445f}.block-cta-bar.has-light-blue-gradient-gradient-background:before{display:none}.block-cta-bar.has-light-blue-gradient-gradient-background .block-cta-bar__heading{color:#02212E}@media (min-width: 992px){.block-cta-bar{padding:2rem 0}}.block-cta-bar:before{content:'';width:100%;height:100%;position:absolute;background:inherit;z-index:-1;top:0;-webkit-transform-origin:left top;transform-origin:left top;-webkit-transform:skewY(-0.8deg);transform:skewY(-0.8deg)}.block-cta-bar__heading-wrapper{display:-webkit-box;display:-ms-flexbox;display:flex;-webkit-box-align:center;-ms-flex-align:center;align-items:center;-webkit-box-pack:center;-ms-flex-pack:center;justify-content:center;margin:1rem 0}@media (min-width: 992px){.block-cta-bar__heading-wrapper{-webkit-box-pack:start;-ms-flex-pack:start;justify-content:flex-start;margin:0;height:100%}}.block-cta-bar .block-cta-bar__heading{font-size:24px;font-weight:500;color:#fff;margin-bottom:0}@media only screen and (min-width: 320px){.block-cta-bar .block-cta-bar__heading{font-size:calc(24px + 8 * (100vw - 320px) \/ (1440 - 320))}}@media only screen and (min-width: 1440px){.block-cta-bar .block-cta-bar__heading{font-size:32px}}.block-cta-bar:not(.has-light-blue-gradient-gradient-background) .btn--hollow{border-color:#fff;color:#fff;overflow:visible}.block-cta-bar:not(.has-light-blue-gradient-gradient-background) .btn--hollow:focus{color:#fff}.block-cta-bar:not(.has-light-blue-gradient-gradient-background) .btn--hollow:before{display:none}.block-cta-bar__button-wrapper{display:-webkit-box;display:-ms-flexbox;display:flex;-ms-flex-wrap:wrap;flex-wrap:wrap;gap:1.5rem;margin-top:10px;-webkit-box-pack:center;-ms-flex-pack:center;justify-content:center}@media (min-width: 992px){.block-cta-bar__button-wrapper{margin-top:0;-webkit-box-align:center;-ms-flex-align:center;align-items:center;-webkit-box-pack:end;-ms-flex-pack:end;justify-content:flex-end}}.block-cta-bar__button-wrapper .btn{width:100%;display:inline-block;text-align:center;font-size:18px}@media (min-width: 768px){.block-cta-bar__button-wrapper .btn{width:auto}}\n\n\/*# sourceMappingURL=block-cta-bar.css.map *\/\n<\/style>\n<section class=\"wp-block-strategiq block-cta-bar wp-block-strategiq-cta-bar\">\n\t<div class=\"container\">\n\t\t<div class=\"block-cta-bar__wrapper\">\n\t\t\t<div class=\"row\">\n\t\t\t\t<div class=\"col-12 col-lg-9\">\n\t\t\t\t\t\t\t\t\t\t\t<div class=\"block-cta-bar__heading-wrapper\">\n\t\t\t\t\t\t\t\t\t\t\t\t\t\t<h1 class=\"block-cta-bar__heading\">Sobre Nosotros<\/h1>\n\t\t\t\t\t\t<\/div>\n\t\t\t\t\t\t\t\t\t<\/div>\n\t\t\t\t<div class=\"col-12 col-lg-3\">\n\t\t\t\t\t\t\t\t\t\t\t<div class=\"block-cta-bar__button-wrapper\">\n\t\t\t\t\t\t\t\t\t\t\t\t\t\t\t\t\t\t\t\t<\/div>\n\t\t\t\t\t\t\t\t\t<\/div>\n\t\t\t<\/div>\n\t\t<\/div>\n\t<\/div>\n<\/section>\n\n\n<style id=\"strategiq-two-column-style\">.block-two-column{padding:40px 0 20px}.single-firm .block-two-column{padding-bottom:1.875rem}@media (min-width: 768px){.block-two-column{padding:0}}@media (min-width: 768px){.block-two-column .content-offset-right{padding-right:0}}@media (min-width: 992px){.block-two-column .content-offset-right{padding-right:calc(8.33333% + 24px)}}.block-two-column img{width:100%}.block-two-column__content{color:var(--text-color)}.block-two-column__content p:last-of-type{margin-bottom:0}.block-two-column__content iframe{width:100%}.block-two-column__list-content{margin-bottom:2.5rem}.block-two-column__list-heading{margin-bottom:8px;font-size:20px;font-weight:500}.block-two-column__list li p:last-of-type{margin-bottom:0}.block-two-column__list ul:first-of-type,.block-two-column__list ol:first-of-type{margin-top:0}.block-two-column__list ul:first-of-type li:first-of-type,.block-two-column__list ol:first-of-type li:first-of-type{margin-top:0}.block-two-column__list>p+ul:first-of-type,.block-two-column__list>p+ol:first-of-type{margin-top:1rem}.block-two-column__list>p+ul:first-of-type li:first-of-type,.block-two-column__list>p+ol:first-of-type li:first-of-type{margin-top:24px}.block-two-column__content.position-sticky,.block-two-column__list.position-sticky,.block-two-column__image-container.position-sticky{top:calc(var(--site-header-height) + 1rem)}.block-two-column__content,.block-two-column__image,.block-two-column__list{padding:12px 0}@media (min-width: 768px){.block-two-column__content,.block-two-column__image,.block-two-column__list{padding:2.5rem 1rem}}@media (min-width: 992px){.block-two-column__content,.block-two-column__image,.block-two-column__list{padding:5rem 0 3.75rem 0}}\n\n\/*# sourceMappingURL=block-two-column.css.map *\/\n<\/style>\n<section class=\"wp-block-strategiq block-two-column wp-block-strategiq-two-column\">\n\t<div class=\"container\">\n\t\t\t\t<div class=\"row align-items-start\">\n\t\t\t\t\t\t\t<div class=\"col-12 col-md-6 col-lg-5 offset-lg-1\">\n\t\t\t\t\t\t\t\t\t\t\t<div class=\"block-two-column__content content-container\">\n\t\t\t\t\t\t\t\t\t\t\t\t\t\t\t<h4>NUESTRO EQUIPO<\/h4>\n<p>En Moore &#8211; Su\u00e1rez &amp; Men\u00e9ndez contamos con un equipo de profesionales altamente capacitado para actuar con idoneidad, seguridad y solvencia en la b\u00fasqueda de las mejores soluciones.<\/p>\n<p>Sus integrantes establecen con los clientes una relaci\u00f3n de confianza a trav\u00e9s de un contacto personal, sensato, reservado y transparente.<\/p>\n<p>A partir de su s\u00f3lida trayectoria y de una permanencia de m\u00e1s de 50 a\u00f1os en el mercado argentino, podemos asesorarlos y sugerir decisiones con un cabal conocimiento de sus requerimientos, preferencias y objetivos.<\/p>\n<h4>NUESTRA ESTRATEGIA<\/h4>\n<p>Nuestra estrategia es brindar un servicio profesional personalizado a las organizaciones en todas las \u00e1reas del quehacer econ\u00f3mico financiero. Este asesoramiento nunca dejar\u00e1 de tener en cuenta los objetivos que en cada caso impongan los respectivos responsables, teniendo en cuenta las razones estrat\u00e9gicas y de coyuntura, y tratando de maximizar la eficiencia dentro de las limitaciones propias de cada caso.<\/p>\n<p>Nuestro consejo se apartar\u00e1 de las interpretaciones generales para ajustarlo a los requerimientos de cada cliente.<\/p>\n<p>Esta filosof\u00eda es compartida por las firmas miembro que componen a la red internacional de firmas locales independientes unidas por un objetivo compartido de brindar servicios profesionales de alta calidad, utilizando est\u00e1ndares comunes a toda la organizaci\u00f3n.<\/p>\n\t\t\t\t\t\t\t\t\t\t\t\t\t<\/div>\n\t\t\t\t\t\t\t\t\t<\/div>\n\t\t\t\t\t\t\t<div class=\"col-12 col-md-6 col-lg-5 offset-lg-1\">\n\t\t\t\t\t\t\t\t\t\t\t<div class=\"block-two-column__content content-container\">\n\t\t\t\t\t\t\t\t\t\t\t\t\t\t\t<h4>ARGENTINA<\/h4>\n<p>Consideramos prioritario obtener informaci\u00f3n profesional local, antes de iniciar actividades en la Rep\u00fablica Argentina. Esta gu\u00eda ha sido dise\u00f1ada con informaci\u00f3n relevante, de inter\u00e9s general y de utilidad para su Empresa, y para brindar al lector una idea de c\u00f3mo hacer negocios en el pa\u00eds, en una organizaci\u00f3n nueva o como subsidiaria de su casa matriz del exterior, o aquella persona desea venir a trabajar en forma transitoria o permanente en la Argentina.<\/p>\n<p>Para obtener informaci\u00f3n sobre temas de su inter\u00e9s, sugerimos que nos contacte.<\/p>\n<h4>PERSONAS<\/h4>\n<p>Tratamos a nuestros clientes como personas y tratamos a nuestro equipo de la misma manera.<br \/>\nSomos conscientes de que nuestro futuro depende de fomento del talento individual en un ambiente positivo y de trabajo profesional.<\/p>\n<p>Mientras que nuestro equipo de m\u00e1s de 70 profesionales y asistentes comparten un conjunto com\u00fan de valores empresariales, todos traen su propio conjunto de experiencias, aspiraciones y habilidades.<\/p>\n\t\t\t\t\t\t\t\t\t\t\t\t\t<\/div>\n\t\t\t\t\t\t\t\t\t<\/div>\n\t\t\t\t\t<\/div>\n\t<\/div>\n<\/section>","protected":false},"excerpt":{"rendered":"","protected":false},"author":13,"featured_media":0,"parent":0,"menu_order":0,"comment_status":"closed","ping_status":"closed","template":"","meta":{"_acf_changed":true,"footnotes":""},"class_list":["post-296","page","type-page","status-publish","hentry"],"acf":[],"yoast_head":"<!-- This site is optimized with the Yoast SEO plugin v27.2 - https:\/\/yoast.com\/product\/yoast-seo-wordpress\/ -->\n<title>Nosotros - Moore Suarez &amp; Menendez<\/title>\n<meta name=\"robots\" content=\"index, follow, max-snippet:-1, max-image-preview:large, max-video-preview:-1\" \/>\n<link rel=\"canonical\" href=\"https:\/\/www.suarez-menendez.com\/en\/nosotros\/\" \/>\n<meta property=\"og:locale\" content=\"en_US\" \/>\n<meta property=\"og:type\" content=\"article\" \/>\n<meta property=\"og:title\" content=\"Nosotros - Moore Suarez &amp; Menendez\" \/>\n<meta property=\"og:url\" content=\"https:\/\/www.suarez-menendez.com\/en\/nosotros\/\" \/>\n<meta property=\"og:site_name\" content=\"Moore Suarez &amp; Menendez\" \/>\n<meta property=\"article:modified_time\" content=\"2025-12-18T13:50:58+00:00\" \/>\n<meta name=\"twitter:card\" content=\"summary_large_image\" \/>\n<script type=\"application\/ld+json\" class=\"yoast-schema-graph\">{\"@context\":\"https:\/\/schema.org\",\"@graph\":[{\"@type\":\"WebPage\",\"@id\":\"https:\/\/www.suarez-menendez.com\/nosotros\/\",\"url\":\"https:\/\/www.suarez-menendez.com\/nosotros\/\",\"name\":\"Nosotros - Moore Suarez &amp; Menendez\",\"isPartOf\":{\"@id\":\"https:\/\/www.suarez-menendez.com\/#website\"},\"datePublished\":\"2025-12-18T13:46:08+00:00\",\"dateModified\":\"2025-12-18T13:50:58+00:00\",\"breadcrumb\":{\"@id\":\"https:\/\/www.suarez-menendez.com\/nosotros\/#breadcrumb\"},\"inLanguage\":\"en-US\",\"potentialAction\":[{\"@type\":\"ReadAction\",\"target\":[\"https:\/\/www.suarez-menendez.com\/nosotros\/\"]}]},{\"@type\":\"BreadcrumbList\",\"@id\":\"https:\/\/www.suarez-menendez.com\/nosotros\/#breadcrumb\",\"itemListElement\":[{\"@type\":\"ListItem\",\"position\":1,\"name\":\"Home\",\"item\":\"https:\/\/www.suarez-menendez.com\/\"},{\"@type\":\"ListItem\",\"position\":2,\"name\":\"Nosotros\"}]},{\"@type\":\"WebSite\",\"@id\":\"https:\/\/www.suarez-menendez.com\/#website\",\"url\":\"https:\/\/www.suarez-menendez.com\/\",\"name\":\"Moore Suarez &amp; Menendez\",\"description\":\"This is the base site for Moore Global\",\"potentialAction\":[{\"@type\":\"SearchAction\",\"target\":{\"@type\":\"EntryPoint\",\"urlTemplate\":\"https:\/\/www.suarez-menendez.com\/?s={search_term_string}\"},\"query-input\":{\"@type\":\"PropertyValueSpecification\",\"valueRequired\":true,\"valueName\":\"search_term_string\"}}],\"inLanguage\":\"en-US\"}]}<\/script>\n<!-- \/ Yoast SEO plugin. -->","yoast_head_json":{"title":"Nosotros - Moore Suarez &amp; Menendez","robots":{"index":"index","follow":"follow","max-snippet":"max-snippet:-1","max-image-preview":"max-image-preview:large","max-video-preview":"max-video-preview:-1"},"canonical":"https:\/\/www.suarez-menendez.com\/en\/nosotros\/","og_locale":"en_US","og_type":"article","og_title":"Nosotros - Moore Suarez &amp; Menendez","og_url":"https:\/\/www.suarez-menendez.com\/en\/nosotros\/","og_site_name":"Moore Suarez &amp; Menendez","article_modified_time":"2025-12-18T13:50:58+00:00","twitter_card":"summary_large_image","schema":{"@context":"https:\/\/schema.org","@graph":[{"@type":"WebPage","@id":"https:\/\/www.suarez-menendez.com\/nosotros\/","url":"https:\/\/www.suarez-menendez.com\/nosotros\/","name":"Nosotros - Moore Suarez &amp; Menendez","isPartOf":{"@id":"https:\/\/www.suarez-menendez.com\/#website"},"datePublished":"2025-12-18T13:46:08+00:00","dateModified":"2025-12-18T13:50:58+00:00","breadcrumb":{"@id":"https:\/\/www.suarez-menendez.com\/nosotros\/#breadcrumb"},"inLanguage":"en-US","potentialAction":[{"@type":"ReadAction","target":["https:\/\/www.suarez-menendez.com\/nosotros\/"]}]},{"@type":"BreadcrumbList","@id":"https:\/\/www.suarez-menendez.com\/nosotros\/#breadcrumb","itemListElement":[{"@type":"ListItem","position":1,"name":"Home","item":"https:\/\/www.suarez-menendez.com\/"},{"@type":"ListItem","position":2,"name":"Nosotros"}]},{"@type":"WebSite","@id":"https:\/\/www.suarez-menendez.com\/#website","url":"https:\/\/www.suarez-menendez.com\/","name":"Moore Suarez &amp; Menendez","description":"This is the base site for Moore Global","potentialAction":[{"@type":"SearchAction","target":{"@type":"EntryPoint","urlTemplate":"https:\/\/www.suarez-menendez.com\/?s={search_term_string}"},"query-input":{"@type":"PropertyValueSpecification","valueRequired":true,"valueName":"search_term_string"}}],"inLanguage":"en-US"}]}},"_links":{"self":[{"href":"https:\/\/www.suarez-menendez.com\/en\/wp-json\/wp\/v2\/pages\/296","targetHints":{"allow":["GET"]}}],"collection":[{"href":"https:\/\/www.suarez-menendez.com\/en\/wp-json\/wp\/v2\/pages"}],"about":[{"href":"https:\/\/www.suarez-menendez.com\/en\/wp-json\/wp\/v2\/types\/page"}],"author":[{"embeddable":true,"href":"https:\/\/www.suarez-menendez.com\/en\/wp-json\/wp\/v2\/users\/13"}],"replies":[{"embeddable":true,"href":"https:\/\/www.suarez-menendez.com\/en\/wp-json\/wp\/v2\/comments?post=296"}],"version-history":[{"count":0,"href":"https:\/\/www.suarez-menendez.com\/en\/wp-json\/wp\/v2\/pages\/296\/revisions"}],"wp:attachment":[{"href":"https:\/\/www.suarez-menendez.com\/en\/wp-json\/wp\/v2\/media?parent=296"}],"curies":[{"name":"wp","href":"https:\/\/api.w.org\/{rel}","templated":true}]}}